{"id":109,"date":"2026-02-06T08:34:14","date_gmt":"2026-02-06T08:34:14","guid":{"rendered":"https:\/\/myblog-xr8vph3wou.live-website.com\/?page_id=109"},"modified":"2026-02-19T19:11:30","modified_gmt":"2026-02-19T19:11:30","slug":"recursos","status":"publish","type":"page","link":"https:\/\/profesorenfp.es\/en\/recursos\/","title":{"rendered":"Recursos"},"content":{"rendered":"<p class=\"has-text-align-center\">A continuaci\u00f3n se detallan algunos canales, libros, p\u00e1ginas web y dem\u00e1s elementos online (los cu\u00e1les no dependen de este sitio donde podr\u00e1s informarte y encontrar de forma relevante algunos de los temas tratados en esta web.<\/p>\n\n\n\n<h2 class=\"wp-block-heading alignwide has-text-align-center\">YouTube<\/h2>\n\n\n\n<p class=\"has-text-align-center\"><a href=\"https:\/\/www.youtube.com\/@SistemasEl\u00e9ctricosdelAutom\u00f3vil\">https:\/\/www.youtube.com\/@SistemasEl\u00e9ctricosdelAutom\u00f3vil<\/a><\/p>\n\n\n\n<p class=\"has-text-align-center\"><a href=\"https:\/\/www.youtube.com\/@ATDautodiagnosis\">https:\/\/www.youtube.com\/@ATDautodiagnosis<\/a><\/p>\n\n\n\n<p class=\"has-text-align-center\"><a href=\"https:\/\/www.youtube.com\/@Miguel\u00c1ngel_GBx_Oficial\">https:\/\/www.youtube.com\/@Miguel\u00c1ngel_GBx_Oficial<\/a><\/p>\n\n\n\n<p class=\"has-text-align-center\"><a href=\"https:\/\/www.youtube.com\/@sikasabumotorchannel\">https:\/\/www.youtube.com\/@sikasabumotorchannel<\/a><\/p>\n\n\n\n<p class=\"has-text-align-center\"><a href=\"https:\/\/www.youtube.com\/@AUTOTECNICATV\">https:\/\/www.youtube.com\/@AUTOTECNICATV<\/a><\/p>\n\n\n\n<p class=\"has-text-align-center\"><a href=\"https:\/\/www.youtube.com\/@PetrolheadGarage\">https:\/\/www.youtube.com\/@PetrolheadGarage<\/a><\/p>\n\n\n\n<p class=\"has-text-align-center\"><a href=\"https:\/\/www.youtube.com\/@GuilleGarciaAlfonsin\">https:\/\/www.youtube.com\/@GuilleGarciaAlfonsin<\/a><\/p>\n\n\n\n<p class=\"has-text-align-center\"><a href=\"https:\/\/www.youtube.com\/@carwowesp\">https:\/\/www.youtube.com\/@carwowesp<\/a><\/p>\n\n\n\n<p class=\"has-text-align-center\"><a href=\"https:\/\/www.youtube.com\/@GarajeHerm\u00e9tico\">https:\/\/www.youtube.com\/@GarajeHerm\u00e9tico<\/a><\/p>\n\n\n\n<p class=\"has-text-align-center\"><a href=\"https:\/\/www.youtube.com\/@escuelatecnicadelvalles\">https:\/\/www.youtube.com\/@escuelatecnicadelvalles<\/a><\/p>\n\n\n\n<p class=\"has-text-align-center\"><a href=\"https:\/\/www.youtube.com\/@80electrico\">https:\/\/www.youtube.com\/@80electrico<\/a><\/p>\n\n\n\n<h2 class=\"wp-block-heading has-text-align-center\">Web<\/h2>\n\n\n\n<p class=\"has-text-align-center\"><a href=\"https:\/\/www.elchapista.com\">https:\/\/www.elchapista.com<\/a><\/p>\n\n\n\n<p class=\"has-text-align-center\"><a href=\"https:\/\/www.mecanicoautomotriz.org\">https:\/\/www.mecanicoautomotriz.org<\/a><\/p>\n\n\n\n<p class=\"has-text-align-center\"><a href=\"https:\/\/aficionadosalamecanica.blogspot.com\">https:\/\/aficionadosalamecanica.blogspot.com<\/a><\/p>\n\n\n\n<p class=\"has-text-align-center\"><a href=\"https:\/\/tecnologia-automovil.com\">https:\/\/tecnologia-automovil.com<\/a><\/p>\n\n\n\n<h2 class=\"wp-block-heading has-text-align-center\">Libro<\/h2>\n\n\n\n<figure class=\"wp-block-embed is-type-rich is-provider-amazon wp-block-embed-amazon\" style=\"margin-top:0;margin-right:0;margin-bottom:0;margin-left:0\"><div class=\"wp-block-embed__wrapper\">\n<iframe loading=\"lazy\" title=\"Automotive Handbook\" type=\"text\/html\" width=\"500\" height=\"550\" frameborder=\"0\" allowfullscreen style=\"max-width:100%\" src=\"https:\/\/leer.amazon.es\/kp\/card?preview=inline&#038;linkCode=kpd&#038;ref_=k4w_oembed_b494QeUtR2g4ui&#038;asin=1119911907&#038;tag=kpembed-20\"><\/iframe>\n<\/div><\/figure>\n\n\n\n<figure class=\"wp-block-embed aligncenter is-type-rich is-provider-amazon wp-block-embed-amazon\"><div class=\"wp-block-embed__wrapper\">\n<iframe loading=\"lazy\" title=\"Tecnolog\u00eda del autom\u00f3vil (Automoci\u00f3n)\" type=\"text\/html\" width=\"500\" height=\"550\" frameborder=\"0\" allowfullscreen style=\"max-width:100%\" src=\"https:\/\/leer.amazon.es\/kp\/card?preview=inline&#038;linkCode=kpd&#038;ref_=k4w_oembed_SAlDfSK4VggzSU&#038;asin=842833210X&#038;tag=kpembed-20\"><\/iframe>\n<\/div><\/figure>\n\n\n\n<figure class=\"wp-block-embed is-type-rich is-provider-amazon wp-block-embed-amazon\"><div class=\"wp-block-embed__wrapper\">\n<iframe loading=\"lazy\" title=\"Automotive Technician Training: Theory\" type=\"text\/html\" width=\"500\" height=\"550\" frameborder=\"0\" allowfullscreen style=\"max-width:100%\" src=\"https:\/\/leer.amazon.es\/kp\/card?preview=inline&#038;linkCode=kpd&#038;ref_=k4w_oembed_eYTafWcN10gLO2&#038;asin=1032002204&#038;tag=kpembed-20\"><\/iframe>\n<\/div><\/figure>\n\n\n\n<figure class=\"wp-block-embed is-type-rich is-provider-amazon wp-block-embed-amazon\"><div class=\"wp-block-embed__wrapper\">\n<iframe loading=\"lazy\" title=\"Practical Motorsport Engineering\" type=\"text\/html\" width=\"500\" height=\"550\" frameborder=\"0\" allowfullscreen style=\"max-width:100%\" src=\"https:\/\/leer.amazon.es\/kp\/card?preview=inline&#038;linkCode=kpd&#038;ref_=k4w_oembed_sQiv7h56zPKkFl&#038;asin=0815375689&#038;tag=kpembed-20\"><\/iframe>\n<\/div><\/figure>","protected":false},"excerpt":{"rendered":"<p>A continuaci\u00f3n se detallan algunos canales, libros, p\u00e1ginas web y dem\u00e1s elementos online (los cu\u00e1les no dependen de este sitio donde podr\u00e1s informarte y encontrar de forma relevante algunos de los temas tratados en esta web. YouTube https:\/\/www.youtube.com\/@SistemasEl\u00e9ctricosdelAutom\u00f3vil https:\/\/www.youtube.com\/@ATDautodiagnosis https:\/\/www.youtube.com\/@Miguel\u00c1ngel_GBx_Oficial https:\/\/www.youtube.com\/@sikasabumotorchannel https:\/\/www.youtube.com\/@AUTOTECNICATV https:\/\/www.youtube.com\/@PetrolheadGarage https:\/\/www.youtube.com\/@GuilleGarciaAlfonsin https:\/\/www.youtube.com\/@carwowesp https:\/\/www.youtube.com\/@GarajeHerm\u00e9tico https:\/\/www.youtube.com\/@escuelatecnicadelvalles https:\/\/www.youtube.com\/@80electrico Web https:\/\/www.elchapista.com https:\/\/www.mecanicoautomotriz.org https:\/\/aficionadosalamecanica.blogspot.com https:\/\/tecnologia-automovil.com Libro<\/p>","protected":false},"author":1,"featured_media":0,"parent":0,"menu_order":0,"comment_status":"closed","ping_status":"closed","template":"page-with-title","meta":{"footnotes":""},"class_list":["post-109","page","type-page","status-publish","hentry"],"aioseo_notices":[],"_links":{"self":[{"href":"https:\/\/profesorenfp.es\/en\/wp-json\/wp\/v2\/pages\/109","targetHints":{"allow":["GET"]}}],"collection":[{"href":"https:\/\/profesorenfp.es\/en\/wp-json\/wp\/v2\/pages"}],"about":[{"href":"https:\/\/profesorenfp.es\/en\/wp-json\/wp\/v2\/types\/page"}],"author":[{"embeddable":true,"href":"https:\/\/profesorenfp.es\/en\/wp-json\/wp\/v2\/users\/1"}],"replies":[{"embeddable":true,"href":"https:\/\/profesorenfp.es\/en\/wp-json\/wp\/v2\/comments?post=109"}],"version-history":[{"count":4,"href":"https:\/\/profesorenfp.es\/en\/wp-json\/wp\/v2\/pages\/109\/revisions"}],"predecessor-version":[{"id":193,"href":"https:\/\/profesorenfp.es\/en\/wp-json\/wp\/v2\/pages\/109\/revisions\/193"}],"wp:attachment":[{"href":"https:\/\/profesorenfp.es\/en\/wp-json\/wp\/v2\/media?parent=109"}],"curies":[{"name":"wp","href":"https:\/\/api.w.org\/{rel}","templated":true}]}}