{"id":108,"date":"2026-01-31T18:38:42","date_gmt":"2026-01-31T18:38:42","guid":{"rendered":"https:\/\/myblog-xr8vph3wou.live-website.com\/?page_id=108"},"modified":"2026-03-02T22:10:16","modified_gmt":"2026-03-02T22:10:16","slug":"faq","status":"publish","type":"page","link":"https:\/\/profesorenfp.es\/en\/faq\/","title":{"rendered":"FAQ"},"content":{"rendered":"<h2 data-wp-context---core-fit-text=\"core\/fit-text::{&quot;fontSize&quot;:&quot;&quot;}\" data-wp-init---core-fit-text=\"core\/fit-text::callbacks.init\" data-wp-interactive data-wp-style--font-size=\"core\/fit-text::context.fontSize\" class=\"wp-block-heading has-fit-text has-xx-large-font-size\"><strong>\u00bfQu\u00e9 es Profesor en FP?<\/strong><\/h2>\n\n\n\n<p>Es una p\u00e1gina para ense\u00f1ar a los entusiastas de la mec\u00e1nica y los veh\u00edculos sobre todos los temas o inquietudes que puedan tener con un fin did\u00e1ctico.<\/p>\n\n\n\n<h2 data-wp-context---core-fit-text=\"core\/fit-text::{&quot;fontSize&quot;:&quot;&quot;}\" data-wp-init---core-fit-text=\"core\/fit-text::callbacks.init\" data-wp-interactive data-wp-style--font-size=\"core\/fit-text::context.fontSize\" class=\"wp-block-heading has-text-align-center has-fit-text has-xx-large-font-size\"><strong>\u00bfQui\u00e9n gestiona esto?<\/strong><\/h2>\n\n\n\n<p>Un profesor amante del oficio y con ganas de transmitir el conocimiento sin l\u00edmites y de manera altruista y sin buscar beneficio alguno.<\/p>\n\n\n\n<h2 class=\"wp-block-heading has-xx-large-font-size\"><strong>\u00bfQu\u00e9 puedo encontrar en este sitio web?<\/strong><\/h2>\n\n\n\n<p>Puedes encontrar desde art\u00edculos de opini\u00f3n t\u00e9cnica, hasta contenidos audiovisuales relacionados con todos los sistemas y elementos que componen un veh\u00edculo. (Motores, Electricidad, Suspensi\u00f3n, Direcci\u00f3n, Frenos, Transmisiones, ADAS, Aire Acondicionado, Carrocer\u00eda y Pintura)<\/p>\n\n\n\n<h2 data-wp-context---core-fit-text=\"core\/fit-text::{&quot;fontSize&quot;:&quot;&quot;}\" data-wp-init---core-fit-text=\"core\/fit-text::callbacks.init\" data-wp-interactive data-wp-style--font-size=\"core\/fit-text::context.fontSize\" class=\"wp-block-heading has-fit-text\">\u00bfEs informaci\u00f3n fiable?<\/h2>\n\n\n\n<p>Toda la informaci\u00f3n recogida de esta p\u00e1gina se ha publicado en base a la experiencia del creador del sitio y la consultada en manuales (t\u00e9cnicos, formativos) y marcas oficiales (recambios, equipos, fabricantes)<\/p>\n\n\n\n<h2 class=\"wp-block-heading\">\u00bfTodo el contenido de la p\u00e1gina es gratuito?<\/h2>\n\n\n\n<p>S\u00ed, todo lo que encontrar\u00e1s en este sitio es de manera altruista y sin buscar ning\u00fan beneficio o coste para el usuario que lo visualice.<\/p>","protected":false},"excerpt":{"rendered":"<p>\u00bfQu\u00e9 es Profesor en FP? Es una p\u00e1gina para ense\u00f1ar a los entusiastas de la mec\u00e1nica y los veh\u00edculos sobre todos los temas o inquietudes que puedan tener con un fin did\u00e1ctico. \u00bfQui\u00e9n gestiona esto? Un profesor amante del oficio y con ganas de transmitir el conocimiento sin l\u00edmites y de manera altruista y sin [&hellip;]<\/p>\n","protected":false},"author":1,"featured_media":0,"parent":0,"menu_order":0,"comment_status":"closed","ping_status":"closed","template":"page-with-title","meta":{"footnotes":""},"class_list":["post-108","page","type-page","status-publish","hentry"],"aioseo_notices":[],"_links":{"self":[{"href":"https:\/\/profesorenfp.es\/en\/wp-json\/wp\/v2\/pages\/108","targetHints":{"allow":["GET"]}}],"collection":[{"href":"https:\/\/profesorenfp.es\/en\/wp-json\/wp\/v2\/pages"}],"about":[{"href":"https:\/\/profesorenfp.es\/en\/wp-json\/wp\/v2\/types\/page"}],"author":[{"embeddable":true,"href":"https:\/\/profesorenfp.es\/en\/wp-json\/wp\/v2\/users\/1"}],"replies":[{"embeddable":true,"href":"https:\/\/profesorenfp.es\/en\/wp-json\/wp\/v2\/comments?post=108"}],"version-history":[{"count":3,"href":"https:\/\/profesorenfp.es\/en\/wp-json\/wp\/v2\/pages\/108\/revisions"}],"predecessor-version":[{"id":202,"href":"https:\/\/profesorenfp.es\/en\/wp-json\/wp\/v2\/pages\/108\/revisions\/202"}],"wp:attachment":[{"href":"https:\/\/profesorenfp.es\/en\/wp-json\/wp\/v2\/media?parent=108"}],"curies":[{"name":"wp","href":"https:\/\/api.w.org\/{rel}","templated":true}]}}