{"id":107,"date":"2026-02-19T19:07:18","date_gmt":"2026-02-19T19:07:18","guid":{"rendered":"https:\/\/myblog-xr8vph3wou.live-website.com\/?page_id=107"},"modified":"2026-02-19T19:14:37","modified_gmt":"2026-02-19T19:14:37","slug":"especiales","status":"publish","type":"page","link":"https:\/\/profesorenfp.es\/en\/especiales\/","title":{"rendered":"Especiales"},"content":{"rendered":"<p class=\"has-text-align-center\">En esta secci\u00f3n encontrar\u00e1s desde los v\u00eddeos hasta los medios t\u00e9cnicos y art\u00edculos que publique tanto en la p\u00e1gina como en otras plataformas.<\/p>\n\n\n<ul class=\"wp-block-latest-posts__list aligncenter wp-block-latest-posts\"><li><a class=\"wp-block-latest-posts__post-title\" href=\"https:\/\/profesorenfp.es\/en\/la-excelencia-de-la-fp\/\">\u00abLa Excelencia de la FP\u00bb<\/a><\/li>\n<\/ul>\n\n\n<p><\/p>","protected":false},"excerpt":{"rendered":"<p>En esta secci\u00f3n encontrar\u00e1s desde los v\u00eddeos hasta los medios t\u00e9cnicos y art\u00edculos que publique tanto en la p\u00e1gina como en otras plataformas.<\/p>","protected":false},"author":1,"featured_media":0,"parent":0,"menu_order":0,"comment_status":"closed","ping_status":"closed","template":"page-with-title","meta":{"footnotes":""},"class_list":["post-107","page","type-page","status-publish","hentry"],"aioseo_notices":[],"_links":{"self":[{"href":"https:\/\/profesorenfp.es\/en\/wp-json\/wp\/v2\/pages\/107","targetHints":{"allow":["GET"]}}],"collection":[{"href":"https:\/\/profesorenfp.es\/en\/wp-json\/wp\/v2\/pages"}],"about":[{"href":"https:\/\/profesorenfp.es\/en\/wp-json\/wp\/v2\/types\/page"}],"author":[{"embeddable":true,"href":"https:\/\/profesorenfp.es\/en\/wp-json\/wp\/v2\/users\/1"}],"replies":[{"embeddable":true,"href":"https:\/\/profesorenfp.es\/en\/wp-json\/wp\/v2\/comments?post=107"}],"version-history":[{"count":2,"href":"https:\/\/profesorenfp.es\/en\/wp-json\/wp\/v2\/pages\/107\/revisions"}],"predecessor-version":[{"id":195,"href":"https:\/\/profesorenfp.es\/en\/wp-json\/wp\/v2\/pages\/107\/revisions\/195"}],"wp:attachment":[{"href":"https:\/\/profesorenfp.es\/en\/wp-json\/wp\/v2\/media?parent=107"}],"curies":[{"name":"wp","href":"https:\/\/api.w.org\/{rel}","templated":true}]}}