{"id":106,"date":"2026-01-31T18:14:48","date_gmt":"2026-01-31T18:14:48","guid":{"rendered":"https:\/\/myblog-xr8vph3wou.live-website.com\/?page_id=106"},"modified":"2026-02-05T18:34:31","modified_gmt":"2026-02-05T18:34:31","slug":"contacto","status":"publish","type":"page","link":"https:\/\/profesorenfp.es\/en\/contacto\/","title":{"rendered":"Contacto"},"content":{"rendered":"<blockquote class=\"wp-block-quote is-layout-flow wp-block-quote-is-layout-flow\">\n<h2 class=\"wp-block-heading\">Un joven profesor descontento con un sistema ineficiente y con malos resultados en el alumnado.<\/h2>\n<\/blockquote>\n\n\n\n<div class=\"wp-block-group is-vertical is-content-justification-stretch is-layout-flex wp-container-core-group-is-layout-353c4f5a wp-block-group-is-layout-flex\">\n<p>Soy un profesor el cu\u00e1l se ha cansado de ver como el sistema cada vez se va deteriorando y como va repercutiendo en el alumnado y todos aquellos que quieren aprender. <\/p>\n\n\n\n<p>Tanto que se habla de \u00abla excelencia de la Formaci\u00f3n Profesional\u00bb y no se pone el foco en las necesidades reales tanto del profesorado y del alumnado.<\/p>\n\n\n\n<p>Es por eso que decid\u00ed hacer este sitio, para compartir lo mucho, lo poco, lo bueno y lo malo que puedo contar y transmitir para todos los que quieran nutrirse y consumir mi contenido.<\/p>\n\n\n\n<p>Escr\u00edbeme a trav\u00e9s de la p\u00e1gina en el formulario de contacto, en mi correo electr\u00f3nico o a trav\u00e9s de redes sociales. (YouTube, X, Instagram)<\/p>\n\n\n\n<figure class=\"wp-block-image size-large\"><img loading=\"lazy\" decoding=\"async\" width=\"683\" height=\"1024\" src=\"https:\/\/profesorenfp.es\/wp-content\/uploads\/2026\/01\/ChatGPT-Image-31-ene-2026-10_09_47-683x1024.png\" alt=\"\" class=\"wp-image-157\" srcset=\"https:\/\/profesorenfp.es\/wp-content\/uploads\/2026\/01\/ChatGPT-Image-31-ene-2026-10_09_47-683x1024.png 683w, https:\/\/profesorenfp.es\/wp-content\/uploads\/2026\/01\/ChatGPT-Image-31-ene-2026-10_09_47-200x300.png 200w, https:\/\/profesorenfp.es\/wp-content\/uploads\/2026\/01\/ChatGPT-Image-31-ene-2026-10_09_47-768x1152.png 768w, https:\/\/profesorenfp.es\/wp-content\/uploads\/2026\/01\/ChatGPT-Image-31-ene-2026-10_09_47-8x12.png 8w, https:\/\/profesorenfp.es\/wp-content\/uploads\/2026\/01\/ChatGPT-Image-31-ene-2026-10_09_47.png 1024w\" sizes=\"auto, (max-width: 683px) 100vw, 683px\" \/><figcaption class=\"wp-element-caption\">Imagen Creada con ChatGPT<\/figcaption><\/figure>\n<\/div>","protected":false},"excerpt":{"rendered":"<p>Un joven profesor descontento con un sistema ineficiente y con malos resultados en el alumnado. Soy un profesor el cu\u00e1l se ha cansado de ver como el sistema cada vez se va deteriorando y como va repercutiendo en el alumnado y todos aquellos que quieren aprender. Tanto que se habla de \u00abla excelencia de la [&hellip;]<\/p>\n","protected":false},"author":1,"featured_media":0,"parent":0,"menu_order":0,"comment_status":"closed","ping_status":"closed","template":"page-with-title","meta":{"footnotes":""},"class_list":["post-106","page","type-page","status-publish","hentry"],"aioseo_notices":[],"_links":{"self":[{"href":"https:\/\/profesorenfp.es\/en\/wp-json\/wp\/v2\/pages\/106","targetHints":{"allow":["GET"]}}],"collection":[{"href":"https:\/\/profesorenfp.es\/en\/wp-json\/wp\/v2\/pages"}],"about":[{"href":"https:\/\/profesorenfp.es\/en\/wp-json\/wp\/v2\/types\/page"}],"author":[{"embeddable":true,"href":"https:\/\/profesorenfp.es\/en\/wp-json\/wp\/v2\/users\/1"}],"replies":[{"embeddable":true,"href":"https:\/\/profesorenfp.es\/en\/wp-json\/wp\/v2\/comments?post=106"}],"version-history":[{"count":5,"href":"https:\/\/profesorenfp.es\/en\/wp-json\/wp\/v2\/pages\/106\/revisions"}],"predecessor-version":[{"id":170,"href":"https:\/\/profesorenfp.es\/en\/wp-json\/wp\/v2\/pages\/106\/revisions\/170"}],"wp:attachment":[{"href":"https:\/\/profesorenfp.es\/en\/wp-json\/wp\/v2\/media?parent=106"}],"curies":[{"name":"wp","href":"https:\/\/api.w.org\/{rel}","templated":true}]}}